{"id":362908,"date":"2026-02-24T07:52:43","date_gmt":"2026-02-24T04:52:43","guid":{"rendered":"https:\/\/vinspy.eu\/koszonjuk2\/"},"modified":"2026-02-24T07:52:43","modified_gmt":"2026-02-24T04:52:43","slug":"koszonjuk2","status":"publish","type":"page","link":"https:\/\/vinspy.eu\/hu\/koszonjuk2\/","title":{"rendered":"K\u00f6sz\u00f6nj\u00fck2"},"content":{"rendered":"\t\t<div data-elementor-type=\"wp-page\" data-elementor-id=\"362908\" class=\"elementor elementor-362908 elementor-292284\" data-elementor-post-type=\"page\">\n\t\t\t\t\t\t<section class=\"elementor-section elementor-top-section elementor-element elementor-element-19dbe81c elementor-section-height-min-height elementor-section-boxed elementor-section-height-default elementor-section-items-middle\" data-id=\"19dbe81c\" data-element_type=\"section\" data-e-type=\"section\" data-settings=\"{&quot;background_background&quot;:&quot;classic&quot;}\">\n\t\t\t\t\t\t\t<div class=\"elementor-background-overlay\"><\/div>\n\t\t\t\t\t\t\t<div class=\"elementor-container elementor-column-gap-default\">\n\t\t\t\t\t<div class=\"elementor-column elementor-col-100 elementor-top-column elementor-element elementor-element-7b5f265a\" data-id=\"7b5f265a\" data-element_type=\"column\" data-e-type=\"column\" data-settings=\"{&quot;background_background&quot;:&quot;classic&quot;}\">\n\t\t\t<div class=\"elementor-widget-wrap elementor-element-populated\">\n\t\t\t\t\t\t<div class=\"elementor-element elementor-element-54c45a08 elementor-widget__width-auto elementor-absolute elementor-widget-mobile__width-initial elementor-invisible elementor-widget elementor-widget-image\" data-id=\"54c45a08\" data-element_type=\"widget\" data-e-type=\"widget\" data-settings=\"{&quot;_position&quot;:&quot;absolute&quot;,&quot;motion_fx_motion_fx_mouse&quot;:&quot;yes&quot;,&quot;motion_fx_mouseTrack_effect&quot;:&quot;yes&quot;,&quot;motion_fx_mouseTrack_direction&quot;:&quot;negative&quot;,&quot;motion_fx_mouseTrack_speed&quot;:{&quot;unit&quot;:&quot;px&quot;,&quot;size&quot;:&quot;0.2&quot;,&quot;sizes&quot;:[]},&quot;_animation&quot;:&quot;rotateInDownLeft&quot;,&quot;_animation_delay&quot;:&quot;400&quot;}\" data-widget_type=\"image.default\">\n\t\t\t\t<div class=\"elementor-widget-container\">\n\t\t\t\t\t\t\t\t\t\t\t\t\t\t\t<img decoding=\"async\" width=\"155\" height=\"140\" src=\"https:\/\/vinspy.eu\/wp-content\/uploads\/2025\/05\/Oval.png\" class=\"attachment-large size-large wp-image-295509\" alt=\"\" \/>\t\t\t\t\t\t\t\t\t\t\t\t\t\t\t<\/div>\n\t\t\t\t<\/div>\n\t\t\t\t<div class=\"elementor-element elementor-element-6e9f3a54 elementor-widget__width-auto elementor-absolute elementor-widget-tablet__width-initial elementor-invisible elementor-widget elementor-widget-image\" data-id=\"6e9f3a54\" data-element_type=\"widget\" data-e-type=\"widget\" data-settings=\"{&quot;_position&quot;:&quot;absolute&quot;,&quot;motion_fx_motion_fx_mouse&quot;:&quot;yes&quot;,&quot;motion_fx_mouseTrack_effect&quot;:&quot;yes&quot;,&quot;motion_fx_mouseTrack_speed&quot;:{&quot;unit&quot;:&quot;px&quot;,&quot;size&quot;:&quot;0.1&quot;,&quot;sizes&quot;:[]},&quot;_animation&quot;:&quot;rotateInDownLeft&quot;,&quot;_animation_delay&quot;:&quot;700&quot;}\" data-widget_type=\"image.default\">\n\t\t\t\t<div class=\"elementor-widget-container\">\n\t\t\t\t\t\t\t\t\t\t\t\t\t\t\t<img decoding=\"async\" width=\"198\" height=\"190\" src=\"https:\/\/vinspy.eu\/wp-content\/uploads\/2025\/05\/Fill-1.png\" class=\"attachment-large size-large wp-image-295535\" alt=\"\" \/>\t\t\t\t\t\t\t\t\t\t\t\t\t\t\t<\/div>\n\t\t\t\t<\/div>\n\t\t\t\t<div class=\"elementor-element elementor-element-2bb79848 elementor-widget__width-auto elementor-absolute elementor-widget-mobile__width-initial elementor-invisible elementor-widget elementor-widget-image\" data-id=\"2bb79848\" data-element_type=\"widget\" data-e-type=\"widget\" data-settings=\"{&quot;_position&quot;:&quot;absolute&quot;,&quot;motion_fx_motion_fx_mouse&quot;:&quot;yes&quot;,&quot;motion_fx_mouseTrack_effect&quot;:&quot;yes&quot;,&quot;motion_fx_mouseTrack_speed&quot;:{&quot;unit&quot;:&quot;px&quot;,&quot;size&quot;:&quot;0.1&quot;,&quot;sizes&quot;:[]},&quot;_animation&quot;:&quot;rotateInUpRight&quot;,&quot;_animation_delay&quot;:&quot;500&quot;}\" data-widget_type=\"image.default\">\n\t\t\t\t<div class=\"elementor-widget-container\">\n\t\t\t\t\t\t\t\t\t\t\t\t\t\t\t<img decoding=\"async\" width=\"99\" height=\"99\" src=\"https:\/\/vinspy.eu\/wp-content\/uploads\/2025\/05\/Oval-Copy.png\" class=\"attachment-large size-large wp-image-295561\" alt=\"\" \/>\t\t\t\t\t\t\t\t\t\t\t\t\t\t\t<\/div>\n\t\t\t\t<\/div>\n\t\t\t\t<section class=\"elementor-section elementor-inner-section elementor-element elementor-element-64919517 elementor-section-height-min-height elementor-section-content-middle elementor-section-boxed elementor-section-height-default\" data-id=\"64919517\" data-element_type=\"section\" data-e-type=\"section\" data-settings=\"{&quot;background_background&quot;:&quot;classic&quot;}\">\n\t\t\t\t\t\t<div class=\"elementor-container elementor-column-gap-default\">\n\t\t\t\t\t<div class=\"elementor-column elementor-col-100 elementor-inner-column elementor-element elementor-element-2a4c417e\" data-id=\"2a4c417e\" data-element_type=\"column\" data-e-type=\"column\">\n\t\t\t<div class=\"elementor-widget-wrap elementor-element-populated\">\n\t\t\t\t\t\t<div class=\"elementor-element elementor-element-6ebeec1d elementor-widget elementor-widget-heading\" data-id=\"6ebeec1d\" data-element_type=\"widget\" data-e-type=\"widget\" data-widget_type=\"heading.default\">\n\t\t\t\t<div class=\"elementor-widget-container\">\n\t\t\t\t\t<h2 class=\"elementor-heading-title elementor-size-default\">K\u00f6sz\u00f6nj\u00fck<\/h2>\t\t\t\t<\/div>\n\t\t\t\t<\/div>\n\t\t\t\t<div class=\"elementor-element elementor-element-64c66bea elementor-widget elementor-widget-heading\" data-id=\"64c66bea\" data-element_type=\"widget\" data-e-type=\"widget\" data-widget_type=\"heading.default\">\n\t\t\t\t<div class=\"elementor-widget-container\">\n\t\t\t\t\t<h2 class=\"elementor-heading-title elementor-size-default\">Feldolgozzuk az \u00d6n <b>rendsz\u00e1m-ellen\u0151rz\u00e9s\u00e9t<\/b>, \u00e9s r\u00e9szletes el\u0151zm\u00e9nyjelent\u00e9se hamarosan \u00faton lesz. Jellemz\u0151en a jelent\u00e9sek k\u00e9zbes\u00edt\u00e9se <b>3-24 \u00f3r\u00e1n bel\u00fcl<\/b> t\u00f6rt\u00e9nik. Tartsa szemmel a be\u00e9rkez\u0151 \u00fczeneteit egy \u00e9rtes\u00edt\u00e9s\u00e9rt, \u00e9s k\u00e9rj\u00fck, forduljon hozz\u00e1nk bizalommal, ha b\u00e1rmilyen k\u00e9rd\u00e9se van id\u0151k\u00f6zben.  <\/h2>\t\t\t\t<\/div>\n\t\t\t\t<\/div>\n\t\t\t\t<div class=\"elementor-element elementor-element-5604487d elementor-widget elementor-widget-heading\" data-id=\"5604487d\" data-element_type=\"widget\" data-e-type=\"widget\" data-widget_type=\"heading.default\">\n\t\t\t\t<div class=\"elementor-widget-container\">\n\t\t\t\t\t<h2 class=\"elementor-heading-title elementor-size-default\">K\u00f6sz\u00f6nj\u00fck, hogy minket v\u00e1lasztott, \u00e9s legyen sz\u00e9p napja!<\/h2>\t\t\t\t<\/div>\n\t\t\t\t<\/div>\n\t\t\t\t<div class=\"elementor-element elementor-element-439c1934 elementor-mobile-align-center elementor-align-center elementor-widget elementor-widget-button\" data-id=\"439c1934\" data-element_type=\"widget\" data-e-type=\"widget\" data-widget_type=\"button.default\">\n\t\t\t\t<div class=\"elementor-widget-container\">\n\t\t\t\t\t\t\t\t\t<div class=\"elementor-button-wrapper\">\n\t\t\t\t\t<a class=\"elementor-button elementor-button-link elementor-size-md\" href=\"https:\/\/vinspy.eu\/hu\/\">\n\t\t\t\t\t\t<span class=\"elementor-button-content-wrapper\">\n\t\t\t\t\t\t<span class=\"elementor-button-icon\">\n\t\t\t\t<i aria-hidden=\"true\" class=\"fas fa-arrow-right\"><\/i>\t\t\t<\/span>\n\t\t\t\t\t\t\t\t\t<span class=\"elementor-button-text\">vissza a f\u0151oldalra<\/span>\n\t\t\t\t\t<\/span>\n\t\t\t\t\t<\/a>\n\t\t\t\t<\/div>\n\t\t\t\t\t\t\t\t<\/div>\n\t\t\t\t<\/div>\n\t\t\t\t\t<\/div>\n\t\t<\/div>\n\t\t\t\t\t<\/div>\n\t\t<\/section>\n\t\t\t\t\t<\/div>\n\t\t<\/div>\n\t\t\t\t\t<\/div>\n\t\t<\/section>\n\t\t\t\t<\/div>\n\t\t","protected":false},"excerpt":{"rendered":"<p>K\u00f6sz\u00f6nj\u00fck Feldolgozzuk az \u00d6n rendsz\u00e1m-ellen\u0151rz\u00e9s\u00e9t, \u00e9s r\u00e9szletes el\u0151zm\u00e9nyjelent\u00e9se hamarosan \u00faton lesz. Jellemz\u0151en a jelent\u00e9sek k\u00e9zbes\u00edt\u00e9se 3-24 \u00f3r\u00e1n bel\u00fcl t\u00f6rt\u00e9nik. Tartsa szemmel a be\u00e9rkez\u0151 \u00fczeneteit egy \u00e9rtes\u00edt\u00e9s\u00e9rt, \u00e9s k\u00e9rj\u00fck, forduljon hozz\u00e1nk bizalommal, ha b\u00e1rmilyen k\u00e9rd\u00e9se van id\u0151k\u00f6zben. K\u00f6sz\u00f6nj\u00fck, hogy minket v\u00e1lasztott, \u00e9s legyen sz\u00e9p napja! vissza a f\u0151oldalra<\/p>\n","protected":false},"author":1,"featured_media":0,"parent":0,"menu_order":0,"comment_status":"closed","ping_status":"closed","template":"","meta":{"site-sidebar-layout":"no-sidebar","site-content-layout":"page-builder","ast-site-content-layout":"full-width-container","site-content-style":"default","site-sidebar-style":"default","ast-global-header-display":"","ast-banner-title-visibility":"","ast-main-header-display":"","ast-hfb-above-header-display":"","ast-hfb-below-header-display":"","ast-hfb-mobile-header-display":"","site-post-title":"disabled","ast-breadcrumbs-content":"","ast-featured-img":"disabled","footer-sml-layout":"","ast-disable-related-posts":"","theme-transparent-header-meta":"","adv-header-id-meta":"","stick-header-meta":"","header-above-stick-meta":"","header-main-stick-meta":"","header-below-stick-meta":"","astra-migrate-meta-layouts":"default","ast-page-background-enabled":"default","ast-page-background-meta":{"desktop":{"background-color":"","background-image":"","background-repeat":"repeat","background-position":"center center","background-size":"auto","background-attachment":"scroll","background-type":"","background-media":"","overlay-type":"","overlay-color":"","overlay-opacity":"","overlay-gradient":""},"tablet":{"background-color":"","background-image":"","background-repeat":"repeat","background-position":"center center","background-size":"auto","background-attachment":"scroll","background-type":"","background-media":"","overlay-type":"","overlay-color":"","overlay-opacity":"","overlay-gradient":""},"mobile":{"background-color":"","background-image":"","background-repeat":"repeat","background-position":"center center","background-size":"auto","background-attachment":"scroll","background-type":"","background-media":"","overlay-type":"","overlay-color":"","overlay-opacity":"","overlay-gradient":""}},"ast-content-background-meta":{"desktop":{"background-color":"var(--ast-global-color-5)","background-image":"","background-repeat":"repeat","background-position":"center center","background-size":"auto","background-attachment":"scroll","background-type":"","background-media":"","overlay-type":"","overlay-color":"","overlay-opacity":"","overlay-gradient":""},"tablet":{"background-color":"var(--ast-global-color-5)","background-image":"","background-repeat":"repeat","background-position":"center center","background-size":"auto","background-attachment":"scroll","background-type":"","background-media":"","overlay-type":"","overlay-color":"","overlay-opacity":"","overlay-gradient":""},"mobile":{"background-color":"var(--ast-global-color-5)","background-image":"","background-repeat":"repeat","background-position":"center center","background-size":"auto","background-attachment":"scroll","background-type":"","background-media":"","overlay-type":"","overlay-color":"","overlay-opacity":"","overlay-gradient":""}},"footnotes":""},"class_list":["post-362908","page","type-page","status-publish","hentry"],"_links":{"self":[{"href":"https:\/\/vinspy.eu\/hu\/wp-json\/wp\/v2\/pages\/362908","targetHints":{"allow":["GET"]}}],"collection":[{"href":"https:\/\/vinspy.eu\/hu\/wp-json\/wp\/v2\/pages"}],"about":[{"href":"https:\/\/vinspy.eu\/hu\/wp-json\/wp\/v2\/types\/page"}],"author":[{"embeddable":true,"href":"https:\/\/vinspy.eu\/hu\/wp-json\/wp\/v2\/users\/1"}],"replies":[{"embeddable":true,"href":"https:\/\/vinspy.eu\/hu\/wp-json\/wp\/v2\/comments?post=362908"}],"version-history":[{"count":0,"href":"https:\/\/vinspy.eu\/hu\/wp-json\/wp\/v2\/pages\/362908\/revisions"}],"wp:attachment":[{"href":"https:\/\/vinspy.eu\/hu\/wp-json\/wp\/v2\/media?parent=362908"}],"curies":[{"name":"wp","href":"https:\/\/api.w.org\/{rel}","templated":true}]}}