{"id":140252,"date":"2023-10-07T16:19:23","date_gmt":"2023-10-07T13:19:23","guid":{"rendered":"https:\/\/vinspy.eu\/?page_id=140252"},"modified":"2025-10-10T00:00:14","modified_gmt":"2025-10-09T21:00:14","slug":"koki-automobili-pirkti","status":"publish","type":"page","link":"https:\/\/vinspy.eu\/lt\/koki-automobili-pirkti\/","title":{"rendered":"koki automobili pirkti"},"content":{"rendered":"\t\t<div data-elementor-type=\"wp-page\" data-elementor-id=\"140252\" class=\"elementor elementor-140252\" data-elementor-post-type=\"page\">\n\t\t\t\t\t\t<section class=\"elementor-section elementor-top-section elementor-element elementor-element-0878295 elementor-section-height-min-height elementor-section-boxed elementor-section-height-default elementor-section-items-middle\" data-id=\"0878295\" data-element_type=\"section\" data-e-type=\"section\" data-settings=\"{&quot;background_background&quot;:&quot;gradient&quot;}\">\n\t\t\t\t\t\t\t<div class=\"elementor-background-overlay\"><\/div>\n\t\t\t\t\t\t\t<div class=\"elementor-container elementor-column-gap-default\">\n\t\t\t\t\t<div class=\"elementor-column elementor-col-100 elementor-top-column elementor-element elementor-element-8f0c226\" data-id=\"8f0c226\" data-element_type=\"column\" data-e-type=\"column\">\n\t\t\t<div class=\"elementor-widget-wrap elementor-element-populated\">\n\t\t\t\t\t\t<div class=\"elementor-element elementor-element-d89e905 elementor-widget elementor-widget-heading\" data-id=\"d89e905\" data-element_type=\"widget\" data-e-type=\"widget\" data-widget_type=\"heading.default\">\n\t\t\t\t<div class=\"elementor-widget-container\">\n\t\t\t\t\t<h2 class=\"elementor-heading-title elementor-size-default\">10 Patarim\u0173, Kaip S\u0117kmingai \u012esigyti Naudot\u0105 Automobil\u012f<\/h2>\t\t\t\t<\/div>\n\t\t\t\t<\/div>\n\t\t\t\t<div class=\"elementor-element elementor-element-1b76941 elementor-widget elementor-widget-text-editor\" data-id=\"1b76941\" data-element_type=\"widget\" data-e-type=\"widget\" data-widget_type=\"text-editor.default\">\n\t\t\t\t<div class=\"elementor-widget-container\">\n\t\t\t\t\t\t\t\t\t<p>Naudoto automobilio pirkimas gali b\u016bti itin pelninga investicija, ta\u010diau kartu ir didel\u0117 rizika. Kaip pasirinkti puik\u0173 variant\u0105, o ne pigi\u0105 problem\u0105? \u0160tai 10 esmini\u0173 patarim\u0173, kuriuos reik\u0117t\u0173 atsiminti renkantis naudot\u0105 automobil\u012f.<\/p>\t\t\t\t\t\t\t\t<\/div>\n\t\t\t\t<\/div>\n\t\t\t\t\t<\/div>\n\t\t<\/div>\n\t\t\t\t\t<\/div>\n\t\t<\/section>\n\t\t\t\t<section class=\"elementor-section elementor-top-section elementor-element elementor-element-b045152 elementor-section-boxed elementor-section-height-default elementor-section-height-default\" data-id=\"b045152\" data-element_type=\"section\" data-e-type=\"section\" data-settings=\"{&quot;background_background&quot;:&quot;classic&quot;}\">\n\t\t\t\t\t\t<div class=\"elementor-container elementor-column-gap-default\">\n\t\t\t\t\t<div class=\"elementor-column elementor-col-100 elementor-top-column elementor-element elementor-element-be2d15b\" data-id=\"be2d15b\" data-element_type=\"column\" data-e-type=\"column\">\n\t\t\t<div class=\"elementor-widget-wrap elementor-element-populated\">\n\t\t\t\t\t\t<div class=\"elementor-element elementor-element-d67f79d elementor-widget elementor-widget-heading\" data-id=\"d67f79d\" data-element_type=\"widget\" data-e-type=\"widget\" data-widget_type=\"heading.default\">\n\t\t\t\t<div class=\"elementor-widget-container\">\n\t\t\t\t\t<h3 class=\"elementor-heading-title elementor-size-default\">1. Tyrimas ir Pasiruo\u0161imas<\/h3>\t\t\t\t<\/div>\n\t\t\t\t<\/div>\n\t\t\t\t<div class=\"elementor-element elementor-element-f5340de elementor-widget elementor-widget-text-editor\" data-id=\"f5340de\" data-element_type=\"widget\" data-e-type=\"widget\" data-widget_type=\"text-editor.default\">\n\t\t\t\t<div class=\"elementor-widget-container\">\n\t\t\t\t\t\t\t\t\t<p>Prie\u0161 apsisprend\u017eiant d\u0117l tam tikro modelio, rekomenduojama atlikti i\u0161sam\u0173 <strong><a href=\"http:\/\/www.automobiliorinka.lt\/\" target=\"_new\" rel=\"noopener\">automobilio rinkos tyrim\u0105<\/a><\/strong>. Tai pad\u0117s suprasti, kokios kainos yra \u012fprastos j\u016bs\u0173 pasirinktam modeliui ir k\u0105 galite tik\u0117tis u\u017e savo pinigus.<\/p>\t\t\t\t\t\t\t\t<\/div>\n\t\t\t\t<\/div>\n\t\t\t\t<div class=\"elementor-element elementor-element-f6da7e1 elementor-widget elementor-widget-heading\" data-id=\"f6da7e1\" data-element_type=\"widget\" data-e-type=\"widget\" data-widget_type=\"heading.default\">\n\t\t\t\t<div class=\"elementor-widget-container\">\n\t\t\t\t\t<h4 class=\"elementor-heading-title elementor-size-default\">2. Patikrinti VIN kod\u0105<\/h4>\t\t\t\t<\/div>\n\t\t\t\t<\/div>\n\t\t\t\t<div class=\"elementor-element elementor-element-7d36ab3 elementor-widget elementor-widget-text-editor\" data-id=\"7d36ab3\" data-element_type=\"widget\" data-e-type=\"widget\" data-widget_type=\"text-editor.default\">\n\t\t\t\t<div class=\"elementor-widget-container\">\n\t\t\t\t\t\t\t\t\t<p dir=\"auto\" data-pm-slice=\"1 1 []\">Visada atlikite <strong>automobilio tikrinim\u0105 pagal VIN kod\u0105<\/strong>. Tai leis su\u017einoti automobilio istorij\u0105, avarij\u0173 duomenis ir kit\u0105 svarbi\u0105 informacij\u0105. Naudojantis svetain\u0117mis, pavyzd\u017eiui, <strong><a href=\"http:\/\/www.vinpatikra.lt\/\" target=\"_new\" rel=\"noopener\">VIN Patikra<\/a><\/strong>, galite gauti daug reikalingos informacijos.<\/p>\t\t\t\t\t\t\t\t<\/div>\n\t\t\t\t<\/div>\n\t\t\t\t<div class=\"elementor-element elementor-element-7dda0dd elementor-widget elementor-widget-heading\" data-id=\"7dda0dd\" data-element_type=\"widget\" data-e-type=\"widget\" data-widget_type=\"heading.default\">\n\t\t\t\t<div class=\"elementor-widget-container\">\n\t\t\t\t\t<h4 class=\"elementor-heading-title elementor-size-default\">3. Technin\u0117s B\u016bkl\u0117s Patikra<\/h4>\t\t\t\t<\/div>\n\t\t\t\t<\/div>\n\t\t\t\t<div class=\"elementor-element elementor-element-6578e53 elementor-widget elementor-widget-text-editor\" data-id=\"6578e53\" data-element_type=\"widget\" data-e-type=\"widget\" data-widget_type=\"text-editor.default\">\n\t\t\t\t<div class=\"elementor-widget-container\">\n\t\t\t\t\t\t\t\t\t<p dir=\"auto\" data-pm-slice=\"1 1 []\">Automobilio technin\u0117 b\u016bkl\u0117 yra vienas svarbiausi\u0173 veiksni\u0173. Rekomenduojame pasamdyti patyrus\u012f mechatronik\u0105 arba eiti \u012f specializuot\u0105 <strong><a href=\"http:\/\/www.patikroscentras.lt\/\" target=\"_new\" rel=\"noopener\">automobili\u0173 patikros centr\u0105<\/a><\/strong>.<\/p><p dir=\"auto\">\u00a0<\/p>\t\t\t\t\t\t\t\t<\/div>\n\t\t\t\t<\/div>\n\t\t\t\t<div class=\"elementor-element elementor-element-8938119 elementor-widget elementor-widget-image\" data-id=\"8938119\" data-element_type=\"widget\" data-e-type=\"widget\" data-widget_type=\"image.default\">\n\t\t\t\t<div class=\"elementor-widget-container\">\n\t\t\t\t\t\t\t\t\t\t\t\t\t\t\t<img fetchpriority=\"high\" decoding=\"async\" width=\"400\" height=\"207\" src=\"https:\/\/vinspy.eu\/wp-content\/uploads\/2023\/10\/Fahrgestellnummer-Prufen-FIN.jpeg\" class=\"attachment-large size-large wp-image-140290\" alt=\"\" srcset=\"https:\/\/vinspy.eu\/wp-content\/uploads\/2023\/10\/Fahrgestellnummer-Prufen-FIN.jpeg 400w, https:\/\/vinspy.eu\/wp-content\/uploads\/2023\/10\/Fahrgestellnummer-Prufen-FIN-300x155.jpeg 300w\" sizes=\"(max-width: 400px) 100vw, 400px\" \/>\t\t\t\t\t\t\t\t\t\t\t\t\t\t\t<\/div>\n\t\t\t\t<\/div>\n\t\t\t\t<div class=\"elementor-element elementor-element-bbff0b5 elementor-widget elementor-widget-heading\" data-id=\"bbff0b5\" data-element_type=\"widget\" data-e-type=\"widget\" data-widget_type=\"heading.default\">\n\t\t\t\t<div class=\"elementor-widget-container\">\n\t\t\t\t\t<h4 class=\"elementor-heading-title elementor-size-default\">4. Svarstyti Automobilio Am\u017ei\u0173<\/h4>\t\t\t\t<\/div>\n\t\t\t\t<\/div>\n\t\t\t\t<div class=\"elementor-element elementor-element-74de1d8 elementor-widget elementor-widget-text-editor\" data-id=\"74de1d8\" data-element_type=\"widget\" data-e-type=\"widget\" data-widget_type=\"text-editor.default\">\n\t\t\t\t<div class=\"elementor-widget-container\">\n\t\t\t\t\t\t\t\t\t<p dir=\"auto\" data-pm-slice=\"1 1 []\">Senesni automobiliai gali b\u016bti pigesni, ta\u010diau jie gali tur\u0117ti daugiau problem\u0173 nei naujesni modeliai. Svarbu rasti ger\u0105 balans\u0105 tarp am\u017eiaus ir kainos.<\/p>\t\t\t\t\t\t\t\t<\/div>\n\t\t\t\t<\/div>\n\t\t\t\t<div class=\"elementor-element elementor-element-2e27a73 elementor-widget elementor-widget-heading\" data-id=\"2e27a73\" data-element_type=\"widget\" data-e-type=\"widget\" data-widget_type=\"heading.default\">\n\t\t\t\t<div class=\"elementor-widget-container\">\n\t\t\t\t\t<h4 class=\"elementor-heading-title elementor-size-default\">5. Saugokit\u0117s Per Ma\u017e\u0173 Kain\u0173<\/h4>\t\t\t\t<\/div>\n\t\t\t\t<\/div>\n\t\t\t\t<div class=\"elementor-element elementor-element-656c290 elementor-widget elementor-widget-text-editor\" data-id=\"656c290\" data-element_type=\"widget\" data-e-type=\"widget\" data-widget_type=\"text-editor.default\">\n\t\t\t\t<div class=\"elementor-widget-container\">\n\t\t\t\t\t\t\t\t\t<p dir=\"auto\" data-pm-slice=\"1 1 []\">Jeigu automobilio kaina atrodo per gera, kad b\u016bt\u0173 tiesa, tai gali b\u016bti signalas apie galimas problemas. Viskas turi savo kain\u0105.<\/p>\t\t\t\t\t\t\t\t<\/div>\n\t\t\t\t<\/div>\n\t\t\t\t<div class=\"elementor-element elementor-element-3728235 elementor-widget elementor-widget-heading\" data-id=\"3728235\" data-element_type=\"widget\" data-e-type=\"widget\" data-widget_type=\"heading.default\">\n\t\t\t\t<div class=\"elementor-widget-container\">\n\t\t\t\t\t<h4 class=\"elementor-heading-title elementor-size-default\">6. Patikrinti Dokumentus<\/h4>\t\t\t\t<\/div>\n\t\t\t\t<\/div>\n\t\t\t\t<div class=\"elementor-element elementor-element-f06d7f4 elementor-widget elementor-widget-text-editor\" data-id=\"f06d7f4\" data-element_type=\"widget\" data-e-type=\"widget\" data-widget_type=\"text-editor.default\">\n\t\t\t\t<div class=\"elementor-widget-container\">\n\t\t\t\t\t\t\t\t\t<p dir=\"auto\" data-pm-slice=\"1 1 []\">\u012esitikinkite, kad pardav\u0117jas turi visus reikiamus dokumentus, \u012fskaitant registracijos pa\u017eym\u0117jim\u0105, technin\u0117s ap\u017ei\u016bros rezultatus ir draudimo polis\u0105.<\/p>\t\t\t\t\t\t\t\t<\/div>\n\t\t\t\t<\/div>\n\t\t\t\t<div class=\"elementor-element elementor-element-90170bf elementor-widget elementor-widget-heading\" data-id=\"90170bf\" data-element_type=\"widget\" data-e-type=\"widget\" data-widget_type=\"heading.default\">\n\t\t\t\t<div class=\"elementor-widget-container\">\n\t\t\t\t\t<h4 class=\"elementor-heading-title elementor-size-default\">7. Vairavimo Bandomasis<\/h4>\t\t\t\t<\/div>\n\t\t\t\t<\/div>\n\t\t\t\t<div class=\"elementor-element elementor-element-ff48754 elementor-widget elementor-widget-text-editor\" data-id=\"ff48754\" data-element_type=\"widget\" data-e-type=\"widget\" data-widget_type=\"text-editor.default\">\n\t\t\t\t<div class=\"elementor-widget-container\">\n\t\t\t\t\t\t\t\t\t<p dir=\"auto\" data-pm-slice=\"1 1 []\">B\u016btinai i\u0161bandykite automobil\u012f prie\u0161 perkant. <strong>Vairavimo bandomasis<\/strong> pad\u0117s atpa\u017einti eventuales problemas, kurios nebuvo pasteb\u0117tos vizualiai.<\/p>\t\t\t\t\t\t\t\t<\/div>\n\t\t\t\t<\/div>\n\t\t\t\t<div class=\"elementor-element elementor-element-6ee10c6 elementor-widget elementor-widget-heading\" data-id=\"6ee10c6\" data-element_type=\"widget\" data-e-type=\"widget\" data-widget_type=\"heading.default\">\n\t\t\t\t<div class=\"elementor-widget-container\">\n\t\t\t\t\t<h4 class=\"elementor-heading-title elementor-size-default\">8. Derybos<\/h4>\t\t\t\t<\/div>\n\t\t\t\t<\/div>\n\t\t\t\t<div class=\"elementor-element elementor-element-3f9a798 elementor-widget elementor-widget-text-editor\" data-id=\"3f9a798\" data-element_type=\"widget\" data-e-type=\"widget\" data-widget_type=\"text-editor.default\">\n\t\t\t\t<div class=\"elementor-widget-container\">\n\t\t\t\t\t\t\t\t\t<p dir=\"auto\" data-pm-slice=\"1 1 []\">Niekada nepirkite automobilio be deryb\u0173. Da\u017enai pardav\u0117jai yra link\u0119 \u0161iek tiek suma\u017einti kain\u0105, ypa\u010d jei pastebite tr\u016bkumus ar defektus.<\/p>\t\t\t\t\t\t\t\t<\/div>\n\t\t\t\t<\/div>\n\t\t\t\t<div class=\"elementor-element elementor-element-d3d696f elementor-widget elementor-widget-heading\" data-id=\"d3d696f\" data-element_type=\"widget\" data-e-type=\"widget\" data-widget_type=\"heading.default\">\n\t\t\t\t<div class=\"elementor-widget-container\">\n\t\t\t\t\t<h4 class=\"elementor-heading-title elementor-size-default\">9. Saugokit\u0117s Privataus Importo<\/h4>\t\t\t\t<\/div>\n\t\t\t\t<\/div>\n\t\t\t\t<div class=\"elementor-element elementor-element-bdd1e9d elementor-widget elementor-widget-text-editor\" data-id=\"bdd1e9d\" data-element_type=\"widget\" data-e-type=\"widget\" data-widget_type=\"text-editor.default\">\n\t\t\t\t<div class=\"elementor-widget-container\">\n\t\t\t\t\t\t\t\t\t<p dir=\"auto\" data-pm-slice=\"1 1 []\">Automobiliai, atve\u017eti i\u0161 kit\u0173 \u0161ali\u0173, gali tur\u0117ti ne\u017einom\u0105 istorij\u0105. Nors kai kurie importuoti automobiliai gali b\u016bti puikios b\u016bkl\u0117s, visada verta atlikti papildom\u0105 patikrinim\u0105.<\/p>\t\t\t\t\t\t\t\t<\/div>\n\t\t\t\t<\/div>\n\t\t\t\t<div class=\"elementor-element elementor-element-37b0a87 elementor-widget elementor-widget-heading\" data-id=\"37b0a87\" data-element_type=\"widget\" data-e-type=\"widget\" data-widget_type=\"heading.default\">\n\t\t\t\t<div class=\"elementor-widget-container\">\n\t\t\t\t\t<h4 class=\"elementor-heading-title elementor-size-default\">10. Atkreipkite D\u0117mes\u012f \u012e Garantij\u0105<\/h4>\t\t\t\t<\/div>\n\t\t\t\t<\/div>\n\t\t\t\t<div class=\"elementor-element elementor-element-18584ed elementor-widget elementor-widget-text-editor\" data-id=\"18584ed\" data-element_type=\"widget\" data-e-type=\"widget\" data-widget_type=\"text-editor.default\">\n\t\t\t\t<div class=\"elementor-widget-container\">\n\t\t\t\t\t\t\t\t\t<p dir=\"auto\" data-pm-slice=\"1 1 []\">Kai kurie pardav\u0117jai gali si\u016blyti garantij\u0105 net ir naudotiems automobiliams. Tai gali b\u016bti puikus papildomas saugumas pirk\u0117jui.<\/p>\t\t\t\t\t\t\t\t<\/div>\n\t\t\t\t<\/div>\n\t\t\t\t<div class=\"elementor-element elementor-element-87a095c elementor-widget elementor-widget-heading\" data-id=\"87a095c\" data-element_type=\"widget\" data-e-type=\"widget\" data-widget_type=\"heading.default\">\n\t\t\t\t<div class=\"elementor-widget-container\">\n\t\t\t\t\t<h4 class=\"elementor-heading-title elementor-size-default\">I\u0161vada<\/h4>\t\t\t\t<\/div>\n\t\t\t\t<\/div>\n\t\t\t\t<div class=\"elementor-element elementor-element-2873cea elementor-widget elementor-widget-text-editor\" data-id=\"2873cea\" data-element_type=\"widget\" data-e-type=\"widget\" data-widget_type=\"text-editor.default\">\n\t\t\t\t<div class=\"elementor-widget-container\">\n\t\t\t\t\t\t\t\t\t<p dir=\"auto\" data-pm-slice=\"1 1 []\">Naudoto automobilio pirkimas yra rimtas sprendimas, kur\u012f reikia priimti atsakingai. Sekdami \u0161iuos patarimus, galite suma\u017einti rizik\u0105 ir padaryti, kad j\u016bs\u0173 investicija \u012f naudot\u0105 automobil\u012f b\u016bt\u0173 s\u0117kminga. O galiausiai, visada pasikliaukite savo intuicija ir atlikite kiek \u012fmanoma daugiau tyrim\u0173 prie\u0161 priimdami galutin\u012f sprendim\u0105.<\/p>\t\t\t\t\t\t\t\t<\/div>\n\t\t\t\t<\/div>\n\t\t\t\t\t<\/div>\n\t\t<\/div>\n\t\t\t\t\t<\/div>\n\t\t<\/section>\n\t\t\t\t<section class=\"elementor-section elementor-top-section elementor-element elementor-element-fb37d6b elementor-section-full_width elementor-section-height-default elementor-section-height-default\" data-id=\"fb37d6b\" data-element_type=\"section\" data-e-type=\"section\" data-settings=\"{&quot;background_background&quot;:&quot;classic&quot;}\">\n\t\t\t\t\t\t<div class=\"elementor-container elementor-column-gap-no\">\n\t\t\t\t\t<div class=\"elementor-column elementor-col-100 elementor-top-column elementor-element elementor-element-8a2ae02\" data-id=\"8a2ae02\" data-element_type=\"column\" data-e-type=\"column\">\n\t\t\t<div class=\"elementor-widget-wrap elementor-element-populated\">\n\t\t\t\t\t\t<section class=\"elementor-section elementor-inner-section elementor-element elementor-element-edb07ab elementor-section-content-top elementor-section-boxed elementor-section-height-default elementor-section-height-default\" data-id=\"edb07ab\" data-element_type=\"section\" data-e-type=\"section\">\n\t\t\t\t\t\t<div class=\"elementor-container elementor-column-gap-no\">\n\t\t\t\t\t<div class=\"elementor-column elementor-col-33 elementor-inner-column elementor-element elementor-element-1714065\" data-id=\"1714065\" data-element_type=\"column\" data-e-type=\"column\">\n\t\t\t<div class=\"elementor-widget-wrap elementor-element-populated\">\n\t\t\t\t\t\t<div class=\"elementor-element elementor-element-aa30430 elementor-widget elementor-widget-heading\" data-id=\"aa30430\" data-element_type=\"widget\" data-e-type=\"widget\" data-widget_type=\"heading.default\">\n\t\t\t\t<div class=\"elementor-widget-container\">\n\t\t\t\t\t<h6 class=\"elementor-heading-title elementor-size-default\">VINSPY Checker<\/h6>\t\t\t\t<\/div>\n\t\t\t\t<\/div>\n\t\t\t\t<div class=\"elementor-element elementor-element-2c42a44 elementor-widget elementor-widget-text-editor\" data-id=\"2c42a44\" data-element_type=\"widget\" data-e-type=\"widget\" data-widget_type=\"text-editor.default\">\n\t\t\t\t<div class=\"elementor-widget-container\">\n\t\t\t\t\t\t\t\t\t<p>VINSPY.eu offers VIN code checking service for Europe vehicles<\/p>\n<p><strong><a href=\"https:\/\/vinspy.eu\/privacy-policy\/\">Privacy Policy<\/a><\/strong><br><strong><a href=\"https:\/\/vinspy.eu\/terms-and-conditions\/\">Terms and Conditions<\/a><\/strong><\/p>\t\t\t\t\t\t\t\t<\/div>\n\t\t\t\t<\/div>\n\t\t\t\t\t<\/div>\n\t\t<\/div>\n\t\t\t\t<div class=\"elementor-column elementor-col-33 elementor-inner-column elementor-element elementor-element-7e8a483\" data-id=\"7e8a483\" data-element_type=\"column\" data-e-type=\"column\">\n\t\t\t<div class=\"elementor-widget-wrap elementor-element-populated\">\n\t\t\t\t\t\t<div class=\"elementor-element elementor-element-b79e847 elementor-widget elementor-widget-heading\" data-id=\"b79e847\" data-element_type=\"widget\" data-e-type=\"widget\" data-widget_type=\"heading.default\">\n\t\t\t\t<div class=\"elementor-widget-container\">\n\t\t\t\t\t<h6 class=\"elementor-heading-title elementor-size-default\">Contact<\/h6>\t\t\t\t<\/div>\n\t\t\t\t<\/div>\n\t\t\t\t<div class=\"elementor-element elementor-element-50d032d elementor-widget elementor-widget-text-editor\" data-id=\"50d032d\" data-element_type=\"widget\" data-e-type=\"widget\" data-widget_type=\"text-editor.default\">\n\t\t\t\t<div class=\"elementor-widget-container\">\n\t\t\t\t\t\t\t\t\t<p>Email: info@vinspy.eu<\/p>\t\t\t\t\t\t\t\t<\/div>\n\t\t\t\t<\/div>\n\t\t\t\t<div class=\"elementor-element elementor-element-8763e1b elementor-widget elementor-widget-image\" data-id=\"8763e1b\" data-element_type=\"widget\" data-e-type=\"widget\" data-widget_type=\"image.default\">\n\t\t\t\t<div class=\"elementor-widget-container\">\n\t\t\t\t\t\t\t\t\t\t\t\t\t\t\t<img decoding=\"async\" width=\"121\" height=\"40\" src=\"https:\/\/vinspy.eu\/wp-content\/uploads\/2023\/05\/mcvs_acc_opt_hrz_121_1x-2.png\" class=\"attachment-full size-full wp-image-107183\" alt=\"\" \/>\t\t\t\t\t\t\t\t\t\t\t\t\t\t\t<\/div>\n\t\t\t\t<\/div>\n\t\t\t\t\t<\/div>\n\t\t<\/div>\n\t\t\t\t<div class=\"elementor-column elementor-col-33 elementor-inner-column elementor-element elementor-element-e3e0cd1\" data-id=\"e3e0cd1\" data-element_type=\"column\" data-e-type=\"column\">\n\t\t\t<div class=\"elementor-widget-wrap elementor-element-populated\">\n\t\t\t\t\t\t<div class=\"elementor-element elementor-element-66f6f5c elementor-widget elementor-widget-heading\" data-id=\"66f6f5c\" data-element_type=\"widget\" data-e-type=\"widget\" data-widget_type=\"heading.default\">\n\t\t\t\t<div class=\"elementor-widget-container\">\n\t\t\t\t\t<h6 class=\"elementor-heading-title elementor-size-default\">Newsletter<\/h6>\t\t\t\t<\/div>\n\t\t\t\t<\/div>\n\t\t\t\t<div class=\"elementor-element elementor-element-a6a1b00 elementor-button-align-stretch elementor-widget elementor-widget-form\" data-id=\"a6a1b00\" data-element_type=\"widget\" data-e-type=\"widget\" data-settings=\"{&quot;step_next_label&quot;:&quot;Next&quot;,&quot;step_previous_label&quot;:&quot;Previous&quot;,&quot;button_width&quot;:&quot;100&quot;,&quot;step_type&quot;:&quot;number_text&quot;,&quot;step_icon_shape&quot;:&quot;circle&quot;}\" data-widget_type=\"form.default\">\n\t\t\t\t<div class=\"elementor-widget-container\">\n\t\t\t\t\t\t\t<form class=\"elementor-form\" method=\"post\" name=\"Uudiskiri\" aria-label=\"Uudiskiri\">\n\t\t\t<input type=\"hidden\" name=\"post_id\" value=\"140252\"\/>\n\t\t\t<input type=\"hidden\" name=\"form_id\" value=\"a6a1b00\"\/>\n\t\t\t<input type=\"hidden\" name=\"referer_title\" value=\"10 Patarim\u0173, Kaip S\u0117kmingai \u012esigyti Naudot\u0105 Automobil\u012f - VINSPY\" \/>\n\n\t\t\t\t\t\t\t<input type=\"hidden\" name=\"queried_id\" value=\"140252\"\/>\n\t\t\t\n\t\t\t<div class=\"elementor-form-fields-wrapper elementor-labels-above\">\n\t\t\t\t\t\t\t\t<div class=\"elementor-field-type-recaptcha_v3 elementor-field-group elementor-column elementor-field-group-field_c8e79c3 elementor-col-100 recaptcha_v3-bottomright\">\n\t\t\t\t\t<div class=\"elementor-field\" id=\"form-field-field_c8e79c3\"><div class=\"elementor-g-recaptcha\" data-sitekey=\"6Lfen1MaAAAAAOOOMhfoKTpKnl_QEChqdqiBGytx\" data-type=\"v3\" data-action=\"Form\" data-badge=\"bottomright\" data-size=\"invisible\"><\/div><\/div>\t\t\t\t<\/div>\n\t\t\t\t\t\t\t\t<div class=\"elementor-field-type-email elementor-field-group elementor-column elementor-field-group-email elementor-col-100 elementor-field-required\">\n\t\t\t\t\t\t\t\t\t\t\t\t\t<input size=\"1\" type=\"email\" name=\"form_fields[email]\" id=\"form-field-email\" class=\"elementor-field elementor-size-xs  elementor-field-textual\" placeholder=\"Email:\" required=\"required\">\n\t\t\t\t\t\t\t\t\t\t\t<\/div>\n\t\t\t\t\t\t\t\t<div class=\"elementor-field-group elementor-column elementor-field-type-submit elementor-col-100 e-form__buttons\">\n\t\t\t\t\t<button class=\"elementor-button elementor-size-xs\" type=\"submit\">\n\t\t\t\t\t\t<span class=\"elementor-button-content-wrapper\">\n\t\t\t\t\t\t\t\t\t\t\t\t\t\t\t\t\t\t\t\t\t\t<span class=\"elementor-button-text\">Submit<\/span>\n\t\t\t\t\t\t\t\t\t\t\t\t\t<\/span>\n\t\t\t\t\t<\/button>\n\t\t\t\t<\/div>\n\t\t\t<\/div>\n\t\t<\/form>\n\t\t\t\t\t\t<\/div>\n\t\t\t\t<\/div>\n\t\t\t\t\t<\/div>\n\t\t<\/div>\n\t\t\t\t\t<\/div>\n\t\t<\/section>\n\t\t\t\t\t<\/div>\n\t\t<\/div>\n\t\t\t\t\t<\/div>\n\t\t<\/section>\n\t\t\t\t<\/div>\n\t\t","protected":false},"excerpt":{"rendered":"<p>10 Patarim\u0173, Kaip S\u0117kmingai \u012esigyti Naudot\u0105 Automobil\u012f Naudoto automobilio pirkimas gali b\u016bti itin pelninga investicija, ta\u010diau kartu ir didel\u0117 rizika. Kaip pasirinkti puik\u0173 variant\u0105, o ne pigi\u0105 problem\u0105? \u0160tai 10 esmini\u0173 patarim\u0173, kuriuos reik\u0117t\u0173 atsiminti renkantis naudot\u0105 automobil\u012f. 1. Tyrimas ir Pasiruo\u0161imas Prie\u0161 apsisprend\u017eiant d\u0117l tam tikro modelio, rekomenduojama atlikti i\u0161sam\u0173 automobilio rinkos tyrim\u0105. Tai [&hellip;]<\/p>\n","protected":false},"author":1,"featured_media":0,"parent":0,"menu_order":0,"comment_status":"closed","ping_status":"closed","template":"","meta":{"site-sidebar-layout":"no-sidebar","site-content-layout":"page-builder","ast-site-content-layout":"full-width-container","site-content-style":"default","site-sidebar-style":"default","ast-global-header-display":"","ast-banner-title-visibility":"","ast-main-header-display":"","ast-hfb-above-header-display":"","ast-hfb-below-header-display":"","ast-hfb-mobile-header-display":"","site-post-title":"disabled","ast-breadcrumbs-content":"","ast-featured-img":"disabled","footer-sml-layout":"","ast-disable-related-posts":"","theme-transparent-header-meta":"","adv-header-id-meta":"","stick-header-meta":"","header-above-stick-meta":"","header-main-stick-meta":"","header-below-stick-meta":"","astra-migrate-meta-layouts":"set","ast-page-background-enabled":"default","ast-page-background-meta":{"desktop":{"background-color":"","background-image":"","background-repeat":"repeat","background-position":"center center","background-size":"auto","background-attachment":"scroll","background-type":"","background-media":"","overlay-type":"","overlay-color":"","overlay-opacity":"","overlay-gradient":""},"tablet":{"background-color":"","background-image":"","background-repeat":"repeat","background-position":"center center","background-size":"auto","background-attachment":"scroll","background-type":"","background-media":"","overlay-type":"","overlay-color":"","overlay-opacity":"","overlay-gradient":""},"mobile":{"background-color":"","background-image":"","background-repeat":"repeat","background-position":"center center","background-size":"auto","background-attachment":"scroll","background-type":"","background-media":"","overlay-type":"","overlay-color":"","overlay-opacity":"","overlay-gradient":""}},"ast-content-background-meta":{"desktop":{"background-color":"var(--ast-global-color-5)","background-image":"","background-repeat":"repeat","background-position":"center center","background-size":"auto","background-attachment":"scroll","background-type":"","background-media":"","overlay-type":"","overlay-color":"","overlay-opacity":"","overlay-gradient":""},"tablet":{"background-color":"var(--ast-global-color-5)","background-image":"","background-repeat":"repeat","background-position":"center center","background-size":"auto","background-attachment":"scroll","background-type":"","background-media":"","overlay-type":"","overlay-color":"","overlay-opacity":"","overlay-gradient":""},"mobile":{"background-color":"var(--ast-global-color-5)","background-image":"","background-repeat":"repeat","background-position":"center center","background-size":"auto","background-attachment":"scroll","background-type":"","background-media":"","overlay-type":"","overlay-color":"","overlay-opacity":"","overlay-gradient":""}},"footnotes":""},"class_list":["post-140252","page","type-page","status-publish","hentry"],"_links":{"self":[{"href":"https:\/\/vinspy.eu\/lt\/wp-json\/wp\/v2\/pages\/140252","targetHints":{"allow":["GET"]}}],"collection":[{"href":"https:\/\/vinspy.eu\/lt\/wp-json\/wp\/v2\/pages"}],"about":[{"href":"https:\/\/vinspy.eu\/lt\/wp-json\/wp\/v2\/types\/page"}],"author":[{"embeddable":true,"href":"https:\/\/vinspy.eu\/lt\/wp-json\/wp\/v2\/users\/1"}],"replies":[{"embeddable":true,"href":"https:\/\/vinspy.eu\/lt\/wp-json\/wp\/v2\/comments?post=140252"}],"version-history":[{"count":0,"href":"https:\/\/vinspy.eu\/lt\/wp-json\/wp\/v2\/pages\/140252\/revisions"}],"wp:attachment":[{"href":"https:\/\/vinspy.eu\/lt\/wp-json\/wp\/v2\/media?parent=140252"}],"curies":[{"name":"wp","href":"https:\/\/api.w.org\/{rel}","templated":true}]}}